{"id":1097,"date":"2024-11-11T10:08:42","date_gmt":"2024-11-11T09:08:42","guid":{"rendered":"https:\/\/www.dunovska.cz\/our-team\/ales-hradil\/"},"modified":"2026-02-09T10:39:52","modified_gmt":"2026-02-09T09:39:52","slug":"ales-hradil","status":"publish","type":"page","link":"https:\/\/www.dunovska.cz\/en\/our-team\/ales-hradil\/","title":{"rendered":"Ale\u0161 Hradil"},"content":{"rendered":"<p>Ale\u0161 Hradil is a partner at the law firm DUNOVSK\u00c1 &amp; PARTNERS, where he has been working since 2014 and as an attorney since 2018.<\/p>\n<p>Ale\u0161 has extensive experience primarily in the field of insolvency and restructuring of credit exposures. In recent years, he has participated in numerous significant cases, representing mainly banking creditors, and has experience as both a member and chairman of creditor committees.<\/p>\n<p>Ale\u0161 is also active in the areas of banking and finance, M&amp;A transactions, including acquisition financing, and litigation.<\/p>\n<p>Between 2015 and 2024, Ale\u0161 was a member of the Review Committee of the Ministry of Finance, appointed as an external expert. Since 2023, he has been a member of the Turnaround Management Association Czech Republic.<\/p>\n<p>In 2025, he was elected as a member of the Disciplinary Committee of the Czech Bar Association.<\/p>\n","protected":false},"excerpt":{"rendered":"<p>Ale\u0161 Hradil is a partner at the law firm DUNOVSK\u00c1 &amp; PARTNERS, where he has been working since 2014 and as an attorney since 2018. Ale\u0161 has extensive experience primarily in the field of insolvency and restructuring of credit exposures. In recent years, he has participated in numerous significant cases, representing mainly banking creditors, and [&hellip;]<\/p>\n","protected":false},"author":1,"featured_media":737,"parent":1087,"menu_order":25,"comment_status":"closed","ping_status":"closed","template":"page-profile.php","meta":{"_acf_changed":false,"footnotes":""},"class_list":["post-1097","page","type-page","status-publish","has-post-thumbnail","hentry"],"acf":[],"yoast_head":"<!-- This site is optimized with the Yoast SEO plugin v27.3 - https:\/\/yoast.com\/product\/yoast-seo-wordpress\/ -->\n<title>Ale\u0161 Hradil - AK Dunovsk\u00e1<\/title>\n<meta name=\"robots\" content=\"index, follow, max-snippet:-1, max-image-preview:large, max-video-preview:-1\" \/>\n<link rel=\"canonical\" href=\"https:\/\/www.dunovska.cz\/en\/our-team\/ales-hradil\/\" \/>\n<meta property=\"og:locale\" content=\"en_US\" \/>\n<meta property=\"og:type\" content=\"article\" \/>\n<meta property=\"og:title\" content=\"Ale\u0161 Hradil - AK Dunovsk\u00e1\" \/>\n<meta property=\"og:description\" content=\"Ale\u0161 Hradil is a partner at the law firm DUNOVSK\u00c1 &amp; PARTNERS, where he has been working since 2014 and as an attorney since 2018. Ale\u0161 has extensive experience primarily in the field of insolvency and restructuring of credit exposures. In recent years, he has participated in numerous significant cases, representing mainly banking creditors, and [&hellip;]\" \/>\n<meta property=\"og:url\" content=\"https:\/\/www.dunovska.cz\/en\/our-team\/ales-hradil\/\" \/>\n<meta property=\"og:site_name\" content=\"AK Dunovsk\u00e1\" \/>\n<meta property=\"article:modified_time\" content=\"2026-02-09T09:39:52+00:00\" \/>\n<meta property=\"og:image\" content=\"https:\/\/www.dunovska.cz\/wp-content\/uploads\/2025\/01\/Ales-Hradil.png\" \/>\n\t<meta property=\"og:image:width\" content=\"500\" \/>\n\t<meta property=\"og:image:height\" content=\"500\" \/>\n\t<meta property=\"og:image:type\" content=\"image\/png\" \/>\n<meta name=\"twitter:card\" content=\"summary_large_image\" \/>\n<meta name=\"twitter:label1\" content=\"Est. reading time\" \/>\n\t<meta name=\"twitter:data1\" content=\"1 minute\" \/>\n<script type=\"application\/ld+json\" class=\"yoast-schema-graph\">{\"@context\":\"https:\\\/\\\/schema.org\",\"@graph\":[{\"@type\":\"WebPage\",\"@id\":\"https:\\\/\\\/www.dunovska.cz\\\/en\\\/our-team\\\/ales-hradil\\\/\",\"url\":\"https:\\\/\\\/www.dunovska.cz\\\/en\\\/our-team\\\/ales-hradil\\\/\",\"name\":\"Ale\u0161 Hradil - AK Dunovsk\u00e1\",\"isPartOf\":{\"@id\":\"https:\\\/\\\/www.dunovska.cz\\\/#website\"},\"primaryImageOfPage\":{\"@id\":\"https:\\\/\\\/www.dunovska.cz\\\/en\\\/our-team\\\/ales-hradil\\\/#primaryimage\"},\"image\":{\"@id\":\"https:\\\/\\\/www.dunovska.cz\\\/en\\\/our-team\\\/ales-hradil\\\/#primaryimage\"},\"thumbnailUrl\":\"https:\\\/\\\/www.dunovska.cz\\\/wp-content\\\/uploads\\\/2025\\\/01\\\/Ales-Hradil.png\",\"datePublished\":\"2024-11-11T09:08:42+00:00\",\"dateModified\":\"2026-02-09T09:39:52+00:00\",\"breadcrumb\":{\"@id\":\"https:\\\/\\\/www.dunovska.cz\\\/en\\\/our-team\\\/ales-hradil\\\/#breadcrumb\"},\"inLanguage\":\"en-US\",\"potentialAction\":[{\"@type\":\"ReadAction\",\"target\":[\"https:\\\/\\\/www.dunovska.cz\\\/en\\\/our-team\\\/ales-hradil\\\/\"]}]},{\"@type\":\"ImageObject\",\"inLanguage\":\"en-US\",\"@id\":\"https:\\\/\\\/www.dunovska.cz\\\/en\\\/our-team\\\/ales-hradil\\\/#primaryimage\",\"url\":\"https:\\\/\\\/www.dunovska.cz\\\/wp-content\\\/uploads\\\/2025\\\/01\\\/Ales-Hradil.png\",\"contentUrl\":\"https:\\\/\\\/www.dunovska.cz\\\/wp-content\\\/uploads\\\/2025\\\/01\\\/Ales-Hradil.png\",\"width\":500,\"height\":500,\"caption\":\"Ale\u0161 Hradil\"},{\"@type\":\"BreadcrumbList\",\"@id\":\"https:\\\/\\\/www.dunovska.cz\\\/en\\\/our-team\\\/ales-hradil\\\/#breadcrumb\",\"itemListElement\":[{\"@type\":\"ListItem\",\"position\":1,\"name\":\"Dom\u016f\",\"item\":\"https:\\\/\\\/www.dunovska.cz\\\/en\\\/\"},{\"@type\":\"ListItem\",\"position\":2,\"name\":\"Our Team\",\"item\":\"https:\\\/\\\/www.dunovska.cz\\\/en\\\/our-team\\\/\"},{\"@type\":\"ListItem\",\"position\":3,\"name\":\"Ale\u0161 Hradil\"}]},{\"@type\":\"WebSite\",\"@id\":\"https:\\\/\\\/www.dunovska.cz\\\/#website\",\"url\":\"https:\\\/\\\/www.dunovska.cz\\\/\",\"name\":\"Dunovska\",\"description\":\"\",\"publisher\":{\"@id\":\"https:\\\/\\\/www.dunovska.cz\\\/#organization\"},\"potentialAction\":[{\"@type\":\"SearchAction\",\"target\":{\"@type\":\"EntryPoint\",\"urlTemplate\":\"https:\\\/\\\/www.dunovska.cz\\\/?s={search_term_string}\"},\"query-input\":{\"@type\":\"PropertyValueSpecification\",\"valueRequired\":true,\"valueName\":\"search_term_string\"}}],\"inLanguage\":\"en-US\"},{\"@type\":\"Organization\",\"@id\":\"https:\\\/\\\/www.dunovska.cz\\\/#organization\",\"name\":\"Dunovska\",\"url\":\"https:\\\/\\\/www.dunovska.cz\\\/\",\"logo\":{\"@type\":\"ImageObject\",\"inLanguage\":\"en-US\",\"@id\":\"https:\\\/\\\/www.dunovska.cz\\\/#\\\/schema\\\/logo\\\/image\\\/\",\"url\":\"https:\\\/\\\/www.dunovska.cz\\\/wp-content\\\/uploads\\\/2025\\\/02\\\/logo_orange1-1.png\",\"contentUrl\":\"https:\\\/\\\/www.dunovska.cz\\\/wp-content\\\/uploads\\\/2025\\\/02\\\/logo_orange1-1.png\",\"width\":310,\"height\":90,\"caption\":\"Dunovska\"},\"image\":{\"@id\":\"https:\\\/\\\/www.dunovska.cz\\\/#\\\/schema\\\/logo\\\/image\\\/\"}}]}<\/script>\n<!-- \/ Yoast SEO plugin. -->","yoast_head_json":{"title":"Ale\u0161 Hradil - AK Dunovsk\u00e1","robots":{"index":"index","follow":"follow","max-snippet":"max-snippet:-1","max-image-preview":"max-image-preview:large","max-video-preview":"max-video-preview:-1"},"canonical":"https:\/\/www.dunovska.cz\/en\/our-team\/ales-hradil\/","og_locale":"en_US","og_type":"article","og_title":"Ale\u0161 Hradil - AK Dunovsk\u00e1","og_description":"Ale\u0161 Hradil is a partner at the law firm DUNOVSK\u00c1 &amp; PARTNERS, where he has been working since 2014 and as an attorney since 2018. Ale\u0161 has extensive experience primarily in the field of insolvency and restructuring of credit exposures. In recent years, he has participated in numerous significant cases, representing mainly banking creditors, and [&hellip;]","og_url":"https:\/\/www.dunovska.cz\/en\/our-team\/ales-hradil\/","og_site_name":"AK Dunovsk\u00e1","article_modified_time":"2026-02-09T09:39:52+00:00","og_image":[{"width":500,"height":500,"url":"https:\/\/www.dunovska.cz\/wp-content\/uploads\/2025\/01\/Ales-Hradil.png","type":"image\/png"}],"twitter_card":"summary_large_image","twitter_misc":{"Est. reading time":"1 minute"},"schema":{"@context":"https:\/\/schema.org","@graph":[{"@type":"WebPage","@id":"https:\/\/www.dunovska.cz\/en\/our-team\/ales-hradil\/","url":"https:\/\/www.dunovska.cz\/en\/our-team\/ales-hradil\/","name":"Ale\u0161 Hradil - AK Dunovsk\u00e1","isPartOf":{"@id":"https:\/\/www.dunovska.cz\/#website"},"primaryImageOfPage":{"@id":"https:\/\/www.dunovska.cz\/en\/our-team\/ales-hradil\/#primaryimage"},"image":{"@id":"https:\/\/www.dunovska.cz\/en\/our-team\/ales-hradil\/#primaryimage"},"thumbnailUrl":"https:\/\/www.dunovska.cz\/wp-content\/uploads\/2025\/01\/Ales-Hradil.png","datePublished":"2024-11-11T09:08:42+00:00","dateModified":"2026-02-09T09:39:52+00:00","breadcrumb":{"@id":"https:\/\/www.dunovska.cz\/en\/our-team\/ales-hradil\/#breadcrumb"},"inLanguage":"en-US","potentialAction":[{"@type":"ReadAction","target":["https:\/\/www.dunovska.cz\/en\/our-team\/ales-hradil\/"]}]},{"@type":"ImageObject","inLanguage":"en-US","@id":"https:\/\/www.dunovska.cz\/en\/our-team\/ales-hradil\/#primaryimage","url":"https:\/\/www.dunovska.cz\/wp-content\/uploads\/2025\/01\/Ales-Hradil.png","contentUrl":"https:\/\/www.dunovska.cz\/wp-content\/uploads\/2025\/01\/Ales-Hradil.png","width":500,"height":500,"caption":"Ale\u0161 Hradil"},{"@type":"BreadcrumbList","@id":"https:\/\/www.dunovska.cz\/en\/our-team\/ales-hradil\/#breadcrumb","itemListElement":[{"@type":"ListItem","position":1,"name":"Dom\u016f","item":"https:\/\/www.dunovska.cz\/en\/"},{"@type":"ListItem","position":2,"name":"Our Team","item":"https:\/\/www.dunovska.cz\/en\/our-team\/"},{"@type":"ListItem","position":3,"name":"Ale\u0161 Hradil"}]},{"@type":"WebSite","@id":"https:\/\/www.dunovska.cz\/#website","url":"https:\/\/www.dunovska.cz\/","name":"Dunovska","description":"","publisher":{"@id":"https:\/\/www.dunovska.cz\/#organization"},"potentialAction":[{"@type":"SearchAction","target":{"@type":"EntryPoint","urlTemplate":"https:\/\/www.dunovska.cz\/?s={search_term_string}"},"query-input":{"@type":"PropertyValueSpecification","valueRequired":true,"valueName":"search_term_string"}}],"inLanguage":"en-US"},{"@type":"Organization","@id":"https:\/\/www.dunovska.cz\/#organization","name":"Dunovska","url":"https:\/\/www.dunovska.cz\/","logo":{"@type":"ImageObject","inLanguage":"en-US","@id":"https:\/\/www.dunovska.cz\/#\/schema\/logo\/image\/","url":"https:\/\/www.dunovska.cz\/wp-content\/uploads\/2025\/02\/logo_orange1-1.png","contentUrl":"https:\/\/www.dunovska.cz\/wp-content\/uploads\/2025\/02\/logo_orange1-1.png","width":310,"height":90,"caption":"Dunovska"},"image":{"@id":"https:\/\/www.dunovska.cz\/#\/schema\/logo\/image\/"}}]}},"_links":{"self":[{"href":"https:\/\/www.dunovska.cz\/en\/wp-json\/wp\/v2\/pages\/1097","targetHints":{"allow":["GET"]}}],"collection":[{"href":"https:\/\/www.dunovska.cz\/en\/wp-json\/wp\/v2\/pages"}],"about":[{"href":"https:\/\/www.dunovska.cz\/en\/wp-json\/wp\/v2\/types\/page"}],"author":[{"embeddable":true,"href":"https:\/\/www.dunovska.cz\/en\/wp-json\/wp\/v2\/users\/1"}],"replies":[{"embeddable":true,"href":"https:\/\/www.dunovska.cz\/en\/wp-json\/wp\/v2\/comments?post=1097"}],"version-history":[{"count":1,"href":"https:\/\/www.dunovska.cz\/en\/wp-json\/wp\/v2\/pages\/1097\/revisions"}],"predecessor-version":[{"id":1884,"href":"https:\/\/www.dunovska.cz\/en\/wp-json\/wp\/v2\/pages\/1097\/revisions\/1884"}],"up":[{"embeddable":true,"href":"https:\/\/www.dunovska.cz\/en\/wp-json\/wp\/v2\/pages\/1087"}],"wp:featuredmedia":[{"embeddable":true,"href":"https:\/\/www.dunovska.cz\/en\/wp-json\/wp\/v2\/media\/737"}],"wp:attachment":[{"href":"https:\/\/www.dunovska.cz\/en\/wp-json\/wp\/v2\/media?parent=1097"}],"curies":[{"name":"wp","href":"https:\/\/api.w.org\/{rel}","templated":true}]}}