{"id":1099,"date":"2024-11-21T14:11:17","date_gmt":"2024-11-21T13:11:17","guid":{"rendered":"https:\/\/www.dunovska.cz\/our-team\/mgr-bc-ondrej-kvasnovsky\/"},"modified":"2025-03-19T16:05:47","modified_gmt":"2025-03-19T15:05:47","slug":"mgr-bc-ondrej-kvasnovsky","status":"publish","type":"page","link":"https:\/\/www.dunovska.cz\/en\/our-team\/mgr-bc-ondrej-kvasnovsky\/","title":{"rendered":"Ondrej Kva\u0161\u0148ovsk\u00fd"},"content":{"rendered":"<p>Ondrej Kva\u0161\u0148ovsk\u00fd has been working at DUNOVSK\u00c1 &amp; PARTNERS since 2020 and has been an attorney since 2024.<\/p>\n<p>Ondrej focuses primarily on complex projects in corporate law, providing legal advice to both Czech and international clients. He also specializes in insolvency law, gaining extensive experience representing creditors in insolvency proceedings. Additionally, he supports clients in employment law matters and represents them in proceedings before courts and administrative authorities.<\/p>\n","protected":false},"excerpt":{"rendered":"<p>Ondrej Kva\u0161\u0148ovsk\u00fd has been working at DUNOVSK\u00c1 &amp; PARTNERS since 2020 and has been an attorney since 2024. Ondrej focuses primarily on complex projects in corporate law, providing legal advice to both Czech and international clients. He also specializes in insolvency law, gaining extensive experience representing creditors in insolvency proceedings. Additionally, he supports clients in [&hellip;]<\/p>\n","protected":false},"author":2,"featured_media":747,"parent":1087,"menu_order":28,"comment_status":"closed","ping_status":"closed","template":"page-profile.php","meta":{"_acf_changed":false,"footnotes":""},"class_list":["post-1099","page","type-page","status-publish","has-post-thumbnail","hentry"],"acf":[],"yoast_head":"<!-- This site is optimized with the Yoast SEO plugin v27.3 - https:\/\/yoast.com\/product\/yoast-seo-wordpress\/ -->\n<title>Ondrej Kva\u0161\u0148ovsk\u00fd - AK Dunovsk\u00e1<\/title>\n<meta name=\"robots\" content=\"index, follow, max-snippet:-1, max-image-preview:large, max-video-preview:-1\" \/>\n<link rel=\"canonical\" href=\"https:\/\/www.dunovska.cz\/en\/our-team\/mgr-bc-ondrej-kvasnovsky\/\" \/>\n<meta property=\"og:locale\" content=\"en_US\" \/>\n<meta property=\"og:type\" content=\"article\" \/>\n<meta property=\"og:title\" content=\"Ondrej Kva\u0161\u0148ovsk\u00fd - AK Dunovsk\u00e1\" \/>\n<meta property=\"og:description\" content=\"Ondrej Kva\u0161\u0148ovsk\u00fd has been working at DUNOVSK\u00c1 &amp; PARTNERS since 2020 and has been an attorney since 2024. Ondrej focuses primarily on complex projects in corporate law, providing legal advice to both Czech and international clients. He also specializes in insolvency law, gaining extensive experience representing creditors in insolvency proceedings. Additionally, he supports clients in [&hellip;]\" \/>\n<meta property=\"og:url\" content=\"https:\/\/www.dunovska.cz\/en\/our-team\/mgr-bc-ondrej-kvasnovsky\/\" \/>\n<meta property=\"og:site_name\" content=\"AK Dunovsk\u00e1\" \/>\n<meta property=\"article:modified_time\" content=\"2025-03-19T15:05:47+00:00\" \/>\n<meta property=\"og:image\" content=\"https:\/\/www.dunovska.cz\/wp-content\/uploads\/2025\/01\/Ondrej-Kvasnovsky.png\" \/>\n\t<meta property=\"og:image:width\" content=\"500\" \/>\n\t<meta property=\"og:image:height\" content=\"500\" \/>\n\t<meta property=\"og:image:type\" content=\"image\/png\" \/>\n<meta name=\"twitter:card\" content=\"summary_large_image\" \/>\n<meta name=\"twitter:label1\" content=\"Est. reading time\" \/>\n\t<meta name=\"twitter:data1\" content=\"1 minute\" \/>\n<script type=\"application\/ld+json\" class=\"yoast-schema-graph\">{\"@context\":\"https:\\\/\\\/schema.org\",\"@graph\":[{\"@type\":\"WebPage\",\"@id\":\"https:\\\/\\\/www.dunovska.cz\\\/en\\\/our-team\\\/mgr-bc-ondrej-kvasnovsky\\\/\",\"url\":\"https:\\\/\\\/www.dunovska.cz\\\/en\\\/our-team\\\/mgr-bc-ondrej-kvasnovsky\\\/\",\"name\":\"Ondrej Kva\u0161\u0148ovsk\u00fd - AK Dunovsk\u00e1\",\"isPartOf\":{\"@id\":\"https:\\\/\\\/www.dunovska.cz\\\/#website\"},\"primaryImageOfPage\":{\"@id\":\"https:\\\/\\\/www.dunovska.cz\\\/en\\\/our-team\\\/mgr-bc-ondrej-kvasnovsky\\\/#primaryimage\"},\"image\":{\"@id\":\"https:\\\/\\\/www.dunovska.cz\\\/en\\\/our-team\\\/mgr-bc-ondrej-kvasnovsky\\\/#primaryimage\"},\"thumbnailUrl\":\"https:\\\/\\\/www.dunovska.cz\\\/wp-content\\\/uploads\\\/2025\\\/01\\\/Ondrej-Kvasnovsky.png\",\"datePublished\":\"2024-11-21T13:11:17+00:00\",\"dateModified\":\"2025-03-19T15:05:47+00:00\",\"breadcrumb\":{\"@id\":\"https:\\\/\\\/www.dunovska.cz\\\/en\\\/our-team\\\/mgr-bc-ondrej-kvasnovsky\\\/#breadcrumb\"},\"inLanguage\":\"en-US\",\"potentialAction\":[{\"@type\":\"ReadAction\",\"target\":[\"https:\\\/\\\/www.dunovska.cz\\\/en\\\/our-team\\\/mgr-bc-ondrej-kvasnovsky\\\/\"]}]},{\"@type\":\"ImageObject\",\"inLanguage\":\"en-US\",\"@id\":\"https:\\\/\\\/www.dunovska.cz\\\/en\\\/our-team\\\/mgr-bc-ondrej-kvasnovsky\\\/#primaryimage\",\"url\":\"https:\\\/\\\/www.dunovska.cz\\\/wp-content\\\/uploads\\\/2025\\\/01\\\/Ondrej-Kvasnovsky.png\",\"contentUrl\":\"https:\\\/\\\/www.dunovska.cz\\\/wp-content\\\/uploads\\\/2025\\\/01\\\/Ondrej-Kvasnovsky.png\",\"width\":500,\"height\":500,\"caption\":\"Ondrej Kvasnovsky\"},{\"@type\":\"BreadcrumbList\",\"@id\":\"https:\\\/\\\/www.dunovska.cz\\\/en\\\/our-team\\\/mgr-bc-ondrej-kvasnovsky\\\/#breadcrumb\",\"itemListElement\":[{\"@type\":\"ListItem\",\"position\":1,\"name\":\"Dom\u016f\",\"item\":\"https:\\\/\\\/www.dunovska.cz\\\/en\\\/\"},{\"@type\":\"ListItem\",\"position\":2,\"name\":\"Our Team\",\"item\":\"https:\\\/\\\/www.dunovska.cz\\\/en\\\/our-team\\\/\"},{\"@type\":\"ListItem\",\"position\":3,\"name\":\"Ondrej Kva\u0161\u0148ovsk\u00fd\"}]},{\"@type\":\"WebSite\",\"@id\":\"https:\\\/\\\/www.dunovska.cz\\\/#website\",\"url\":\"https:\\\/\\\/www.dunovska.cz\\\/\",\"name\":\"Dunovska\",\"description\":\"\",\"publisher\":{\"@id\":\"https:\\\/\\\/www.dunovska.cz\\\/#organization\"},\"potentialAction\":[{\"@type\":\"SearchAction\",\"target\":{\"@type\":\"EntryPoint\",\"urlTemplate\":\"https:\\\/\\\/www.dunovska.cz\\\/?s={search_term_string}\"},\"query-input\":{\"@type\":\"PropertyValueSpecification\",\"valueRequired\":true,\"valueName\":\"search_term_string\"}}],\"inLanguage\":\"en-US\"},{\"@type\":\"Organization\",\"@id\":\"https:\\\/\\\/www.dunovska.cz\\\/#organization\",\"name\":\"Dunovska\",\"url\":\"https:\\\/\\\/www.dunovska.cz\\\/\",\"logo\":{\"@type\":\"ImageObject\",\"inLanguage\":\"en-US\",\"@id\":\"https:\\\/\\\/www.dunovska.cz\\\/#\\\/schema\\\/logo\\\/image\\\/\",\"url\":\"https:\\\/\\\/www.dunovska.cz\\\/wp-content\\\/uploads\\\/2025\\\/02\\\/logo_orange1-1.png\",\"contentUrl\":\"https:\\\/\\\/www.dunovska.cz\\\/wp-content\\\/uploads\\\/2025\\\/02\\\/logo_orange1-1.png\",\"width\":310,\"height\":90,\"caption\":\"Dunovska\"},\"image\":{\"@id\":\"https:\\\/\\\/www.dunovska.cz\\\/#\\\/schema\\\/logo\\\/image\\\/\"}}]}<\/script>\n<!-- \/ Yoast SEO plugin. -->","yoast_head_json":{"title":"Ondrej Kva\u0161\u0148ovsk\u00fd - AK Dunovsk\u00e1","robots":{"index":"index","follow":"follow","max-snippet":"max-snippet:-1","max-image-preview":"max-image-preview:large","max-video-preview":"max-video-preview:-1"},"canonical":"https:\/\/www.dunovska.cz\/en\/our-team\/mgr-bc-ondrej-kvasnovsky\/","og_locale":"en_US","og_type":"article","og_title":"Ondrej Kva\u0161\u0148ovsk\u00fd - AK Dunovsk\u00e1","og_description":"Ondrej Kva\u0161\u0148ovsk\u00fd has been working at DUNOVSK\u00c1 &amp; PARTNERS since 2020 and has been an attorney since 2024. Ondrej focuses primarily on complex projects in corporate law, providing legal advice to both Czech and international clients. He also specializes in insolvency law, gaining extensive experience representing creditors in insolvency proceedings. Additionally, he supports clients in [&hellip;]","og_url":"https:\/\/www.dunovska.cz\/en\/our-team\/mgr-bc-ondrej-kvasnovsky\/","og_site_name":"AK Dunovsk\u00e1","article_modified_time":"2025-03-19T15:05:47+00:00","og_image":[{"width":500,"height":500,"url":"https:\/\/www.dunovska.cz\/wp-content\/uploads\/2025\/01\/Ondrej-Kvasnovsky.png","type":"image\/png"}],"twitter_card":"summary_large_image","twitter_misc":{"Est. reading time":"1 minute"},"schema":{"@context":"https:\/\/schema.org","@graph":[{"@type":"WebPage","@id":"https:\/\/www.dunovska.cz\/en\/our-team\/mgr-bc-ondrej-kvasnovsky\/","url":"https:\/\/www.dunovska.cz\/en\/our-team\/mgr-bc-ondrej-kvasnovsky\/","name":"Ondrej Kva\u0161\u0148ovsk\u00fd - AK Dunovsk\u00e1","isPartOf":{"@id":"https:\/\/www.dunovska.cz\/#website"},"primaryImageOfPage":{"@id":"https:\/\/www.dunovska.cz\/en\/our-team\/mgr-bc-ondrej-kvasnovsky\/#primaryimage"},"image":{"@id":"https:\/\/www.dunovska.cz\/en\/our-team\/mgr-bc-ondrej-kvasnovsky\/#primaryimage"},"thumbnailUrl":"https:\/\/www.dunovska.cz\/wp-content\/uploads\/2025\/01\/Ondrej-Kvasnovsky.png","datePublished":"2024-11-21T13:11:17+00:00","dateModified":"2025-03-19T15:05:47+00:00","breadcrumb":{"@id":"https:\/\/www.dunovska.cz\/en\/our-team\/mgr-bc-ondrej-kvasnovsky\/#breadcrumb"},"inLanguage":"en-US","potentialAction":[{"@type":"ReadAction","target":["https:\/\/www.dunovska.cz\/en\/our-team\/mgr-bc-ondrej-kvasnovsky\/"]}]},{"@type":"ImageObject","inLanguage":"en-US","@id":"https:\/\/www.dunovska.cz\/en\/our-team\/mgr-bc-ondrej-kvasnovsky\/#primaryimage","url":"https:\/\/www.dunovska.cz\/wp-content\/uploads\/2025\/01\/Ondrej-Kvasnovsky.png","contentUrl":"https:\/\/www.dunovska.cz\/wp-content\/uploads\/2025\/01\/Ondrej-Kvasnovsky.png","width":500,"height":500,"caption":"Ondrej Kvasnovsky"},{"@type":"BreadcrumbList","@id":"https:\/\/www.dunovska.cz\/en\/our-team\/mgr-bc-ondrej-kvasnovsky\/#breadcrumb","itemListElement":[{"@type":"ListItem","position":1,"name":"Dom\u016f","item":"https:\/\/www.dunovska.cz\/en\/"},{"@type":"ListItem","position":2,"name":"Our Team","item":"https:\/\/www.dunovska.cz\/en\/our-team\/"},{"@type":"ListItem","position":3,"name":"Ondrej Kva\u0161\u0148ovsk\u00fd"}]},{"@type":"WebSite","@id":"https:\/\/www.dunovska.cz\/#website","url":"https:\/\/www.dunovska.cz\/","name":"Dunovska","description":"","publisher":{"@id":"https:\/\/www.dunovska.cz\/#organization"},"potentialAction":[{"@type":"SearchAction","target":{"@type":"EntryPoint","urlTemplate":"https:\/\/www.dunovska.cz\/?s={search_term_string}"},"query-input":{"@type":"PropertyValueSpecification","valueRequired":true,"valueName":"search_term_string"}}],"inLanguage":"en-US"},{"@type":"Organization","@id":"https:\/\/www.dunovska.cz\/#organization","name":"Dunovska","url":"https:\/\/www.dunovska.cz\/","logo":{"@type":"ImageObject","inLanguage":"en-US","@id":"https:\/\/www.dunovska.cz\/#\/schema\/logo\/image\/","url":"https:\/\/www.dunovska.cz\/wp-content\/uploads\/2025\/02\/logo_orange1-1.png","contentUrl":"https:\/\/www.dunovska.cz\/wp-content\/uploads\/2025\/02\/logo_orange1-1.png","width":310,"height":90,"caption":"Dunovska"},"image":{"@id":"https:\/\/www.dunovska.cz\/#\/schema\/logo\/image\/"}}]}},"_links":{"self":[{"href":"https:\/\/www.dunovska.cz\/en\/wp-json\/wp\/v2\/pages\/1099","targetHints":{"allow":["GET"]}}],"collection":[{"href":"https:\/\/www.dunovska.cz\/en\/wp-json\/wp\/v2\/pages"}],"about":[{"href":"https:\/\/www.dunovska.cz\/en\/wp-json\/wp\/v2\/types\/page"}],"author":[{"embeddable":true,"href":"https:\/\/www.dunovska.cz\/en\/wp-json\/wp\/v2\/users\/2"}],"replies":[{"embeddable":true,"href":"https:\/\/www.dunovska.cz\/en\/wp-json\/wp\/v2\/comments?post=1099"}],"version-history":[{"count":0,"href":"https:\/\/www.dunovska.cz\/en\/wp-json\/wp\/v2\/pages\/1099\/revisions"}],"up":[{"embeddable":true,"href":"https:\/\/www.dunovska.cz\/en\/wp-json\/wp\/v2\/pages\/1087"}],"wp:featuredmedia":[{"embeddable":true,"href":"https:\/\/www.dunovska.cz\/en\/wp-json\/wp\/v2\/media\/747"}],"wp:attachment":[{"href":"https:\/\/www.dunovska.cz\/en\/wp-json\/wp\/v2\/media?parent=1099"}],"curies":[{"name":"wp","href":"https:\/\/api.w.org\/{rel}","templated":true}]}}