{"id":1101,"date":"2024-11-21T14:06:12","date_gmt":"2024-11-21T13:06:12","guid":{"rendered":"https:\/\/www.dunovska.cz\/our-team\/mgr-konrad-hanak\/"},"modified":"2025-03-19T16:07:08","modified_gmt":"2025-03-19T15:07:08","slug":"mgr-konrad-hanak","status":"publish","type":"page","link":"https:\/\/www.dunovska.cz\/en\/our-team\/mgr-konrad-hanak\/","title":{"rendered":"Konr\u00e1d Han\u00e1k"},"content":{"rendered":"<p>Konr\u00e1d Han\u00e1k has been working at DUNOVSK\u00c1 &amp; PARTNERS as a junior associate since 2023.<\/p>\n<p>Konr\u00e1d began his legal practice during his studies as a legal assistant at a small Prague law firm providing general legal services. Here, he gained experience primarily in contract law, corporate law, and real estate law.<\/p>\n<p>Within the firm, Konr\u00e1d focuses on contract and corporate law while expanding his expertise in litigation and other areas of law.<\/p>\n","protected":false},"excerpt":{"rendered":"<p>Konr\u00e1d Han\u00e1k has been working at DUNOVSK\u00c1 &amp; PARTNERS as a junior associate since 2023. Konr\u00e1d began his legal practice during his studies as a legal assistant at a small Prague law firm providing general legal services. Here, he gained experience primarily in contract law, corporate law, and real estate law. Within the firm, Konr\u00e1d [&hellip;]<\/p>\n","protected":false},"author":2,"featured_media":745,"parent":1087,"menu_order":36,"comment_status":"closed","ping_status":"closed","template":"page-profile.php","meta":{"_acf_changed":false,"footnotes":""},"class_list":["post-1101","page","type-page","status-publish","has-post-thumbnail","hentry"],"acf":[],"yoast_head":"<!-- This site is optimized with the Yoast SEO plugin v27.3 - https:\/\/yoast.com\/product\/yoast-seo-wordpress\/ -->\n<title>Konr\u00e1d Han\u00e1k - AK Dunovsk\u00e1<\/title>\n<meta name=\"robots\" content=\"index, follow, max-snippet:-1, max-image-preview:large, max-video-preview:-1\" \/>\n<link rel=\"canonical\" href=\"https:\/\/www.dunovska.cz\/en\/our-team\/mgr-konrad-hanak\/\" \/>\n<meta property=\"og:locale\" content=\"en_US\" \/>\n<meta property=\"og:type\" content=\"article\" \/>\n<meta property=\"og:title\" content=\"Konr\u00e1d Han\u00e1k - AK Dunovsk\u00e1\" \/>\n<meta property=\"og:description\" content=\"Konr\u00e1d Han\u00e1k has been working at DUNOVSK\u00c1 &amp; PARTNERS as a junior associate since 2023. Konr\u00e1d began his legal practice during his studies as a legal assistant at a small Prague law firm providing general legal services. Here, he gained experience primarily in contract law, corporate law, and real estate law. Within the firm, Konr\u00e1d [&hellip;]\" \/>\n<meta property=\"og:url\" content=\"https:\/\/www.dunovska.cz\/en\/our-team\/mgr-konrad-hanak\/\" \/>\n<meta property=\"og:site_name\" content=\"AK Dunovsk\u00e1\" \/>\n<meta property=\"article:modified_time\" content=\"2025-03-19T15:07:08+00:00\" \/>\n<meta property=\"og:image\" content=\"https:\/\/www.dunovska.cz\/wp-content\/uploads\/2025\/01\/Konrad-Hanak.png\" \/>\n\t<meta property=\"og:image:width\" content=\"500\" \/>\n\t<meta property=\"og:image:height\" content=\"500\" \/>\n\t<meta property=\"og:image:type\" content=\"image\/png\" \/>\n<meta name=\"twitter:card\" content=\"summary_large_image\" \/>\n<meta name=\"twitter:label1\" content=\"Est. reading time\" \/>\n\t<meta name=\"twitter:data1\" content=\"1 minute\" \/>\n<script type=\"application\/ld+json\" class=\"yoast-schema-graph\">{\"@context\":\"https:\\\/\\\/schema.org\",\"@graph\":[{\"@type\":\"WebPage\",\"@id\":\"https:\\\/\\\/www.dunovska.cz\\\/en\\\/our-team\\\/mgr-konrad-hanak\\\/\",\"url\":\"https:\\\/\\\/www.dunovska.cz\\\/en\\\/our-team\\\/mgr-konrad-hanak\\\/\",\"name\":\"Konr\u00e1d Han\u00e1k - AK Dunovsk\u00e1\",\"isPartOf\":{\"@id\":\"https:\\\/\\\/www.dunovska.cz\\\/#website\"},\"primaryImageOfPage\":{\"@id\":\"https:\\\/\\\/www.dunovska.cz\\\/en\\\/our-team\\\/mgr-konrad-hanak\\\/#primaryimage\"},\"image\":{\"@id\":\"https:\\\/\\\/www.dunovska.cz\\\/en\\\/our-team\\\/mgr-konrad-hanak\\\/#primaryimage\"},\"thumbnailUrl\":\"https:\\\/\\\/www.dunovska.cz\\\/wp-content\\\/uploads\\\/2025\\\/01\\\/Konrad-Hanak.png\",\"datePublished\":\"2024-11-21T13:06:12+00:00\",\"dateModified\":\"2025-03-19T15:07:08+00:00\",\"breadcrumb\":{\"@id\":\"https:\\\/\\\/www.dunovska.cz\\\/en\\\/our-team\\\/mgr-konrad-hanak\\\/#breadcrumb\"},\"inLanguage\":\"en-US\",\"potentialAction\":[{\"@type\":\"ReadAction\",\"target\":[\"https:\\\/\\\/www.dunovska.cz\\\/en\\\/our-team\\\/mgr-konrad-hanak\\\/\"]}]},{\"@type\":\"ImageObject\",\"inLanguage\":\"en-US\",\"@id\":\"https:\\\/\\\/www.dunovska.cz\\\/en\\\/our-team\\\/mgr-konrad-hanak\\\/#primaryimage\",\"url\":\"https:\\\/\\\/www.dunovska.cz\\\/wp-content\\\/uploads\\\/2025\\\/01\\\/Konrad-Hanak.png\",\"contentUrl\":\"https:\\\/\\\/www.dunovska.cz\\\/wp-content\\\/uploads\\\/2025\\\/01\\\/Konrad-Hanak.png\",\"width\":500,\"height\":500,\"caption\":\"Konrad Hanak\"},{\"@type\":\"BreadcrumbList\",\"@id\":\"https:\\\/\\\/www.dunovska.cz\\\/en\\\/our-team\\\/mgr-konrad-hanak\\\/#breadcrumb\",\"itemListElement\":[{\"@type\":\"ListItem\",\"position\":1,\"name\":\"Dom\u016f\",\"item\":\"https:\\\/\\\/www.dunovska.cz\\\/en\\\/\"},{\"@type\":\"ListItem\",\"position\":2,\"name\":\"Our Team\",\"item\":\"https:\\\/\\\/www.dunovska.cz\\\/en\\\/our-team\\\/\"},{\"@type\":\"ListItem\",\"position\":3,\"name\":\"Konr\u00e1d Han\u00e1k\"}]},{\"@type\":\"WebSite\",\"@id\":\"https:\\\/\\\/www.dunovska.cz\\\/#website\",\"url\":\"https:\\\/\\\/www.dunovska.cz\\\/\",\"name\":\"Dunovska\",\"description\":\"\",\"publisher\":{\"@id\":\"https:\\\/\\\/www.dunovska.cz\\\/#organization\"},\"potentialAction\":[{\"@type\":\"SearchAction\",\"target\":{\"@type\":\"EntryPoint\",\"urlTemplate\":\"https:\\\/\\\/www.dunovska.cz\\\/?s={search_term_string}\"},\"query-input\":{\"@type\":\"PropertyValueSpecification\",\"valueRequired\":true,\"valueName\":\"search_term_string\"}}],\"inLanguage\":\"en-US\"},{\"@type\":\"Organization\",\"@id\":\"https:\\\/\\\/www.dunovska.cz\\\/#organization\",\"name\":\"Dunovska\",\"url\":\"https:\\\/\\\/www.dunovska.cz\\\/\",\"logo\":{\"@type\":\"ImageObject\",\"inLanguage\":\"en-US\",\"@id\":\"https:\\\/\\\/www.dunovska.cz\\\/#\\\/schema\\\/logo\\\/image\\\/\",\"url\":\"https:\\\/\\\/www.dunovska.cz\\\/wp-content\\\/uploads\\\/2025\\\/02\\\/logo_orange1-1.png\",\"contentUrl\":\"https:\\\/\\\/www.dunovska.cz\\\/wp-content\\\/uploads\\\/2025\\\/02\\\/logo_orange1-1.png\",\"width\":310,\"height\":90,\"caption\":\"Dunovska\"},\"image\":{\"@id\":\"https:\\\/\\\/www.dunovska.cz\\\/#\\\/schema\\\/logo\\\/image\\\/\"}}]}<\/script>\n<!-- \/ Yoast SEO plugin. -->","yoast_head_json":{"title":"Konr\u00e1d Han\u00e1k - AK Dunovsk\u00e1","robots":{"index":"index","follow":"follow","max-snippet":"max-snippet:-1","max-image-preview":"max-image-preview:large","max-video-preview":"max-video-preview:-1"},"canonical":"https:\/\/www.dunovska.cz\/en\/our-team\/mgr-konrad-hanak\/","og_locale":"en_US","og_type":"article","og_title":"Konr\u00e1d Han\u00e1k - AK Dunovsk\u00e1","og_description":"Konr\u00e1d Han\u00e1k has been working at DUNOVSK\u00c1 &amp; PARTNERS as a junior associate since 2023. Konr\u00e1d began his legal practice during his studies as a legal assistant at a small Prague law firm providing general legal services. Here, he gained experience primarily in contract law, corporate law, and real estate law. Within the firm, Konr\u00e1d [&hellip;]","og_url":"https:\/\/www.dunovska.cz\/en\/our-team\/mgr-konrad-hanak\/","og_site_name":"AK Dunovsk\u00e1","article_modified_time":"2025-03-19T15:07:08+00:00","og_image":[{"width":500,"height":500,"url":"https:\/\/www.dunovska.cz\/wp-content\/uploads\/2025\/01\/Konrad-Hanak.png","type":"image\/png"}],"twitter_card":"summary_large_image","twitter_misc":{"Est. reading time":"1 minute"},"schema":{"@context":"https:\/\/schema.org","@graph":[{"@type":"WebPage","@id":"https:\/\/www.dunovska.cz\/en\/our-team\/mgr-konrad-hanak\/","url":"https:\/\/www.dunovska.cz\/en\/our-team\/mgr-konrad-hanak\/","name":"Konr\u00e1d Han\u00e1k - AK Dunovsk\u00e1","isPartOf":{"@id":"https:\/\/www.dunovska.cz\/#website"},"primaryImageOfPage":{"@id":"https:\/\/www.dunovska.cz\/en\/our-team\/mgr-konrad-hanak\/#primaryimage"},"image":{"@id":"https:\/\/www.dunovska.cz\/en\/our-team\/mgr-konrad-hanak\/#primaryimage"},"thumbnailUrl":"https:\/\/www.dunovska.cz\/wp-content\/uploads\/2025\/01\/Konrad-Hanak.png","datePublished":"2024-11-21T13:06:12+00:00","dateModified":"2025-03-19T15:07:08+00:00","breadcrumb":{"@id":"https:\/\/www.dunovska.cz\/en\/our-team\/mgr-konrad-hanak\/#breadcrumb"},"inLanguage":"en-US","potentialAction":[{"@type":"ReadAction","target":["https:\/\/www.dunovska.cz\/en\/our-team\/mgr-konrad-hanak\/"]}]},{"@type":"ImageObject","inLanguage":"en-US","@id":"https:\/\/www.dunovska.cz\/en\/our-team\/mgr-konrad-hanak\/#primaryimage","url":"https:\/\/www.dunovska.cz\/wp-content\/uploads\/2025\/01\/Konrad-Hanak.png","contentUrl":"https:\/\/www.dunovska.cz\/wp-content\/uploads\/2025\/01\/Konrad-Hanak.png","width":500,"height":500,"caption":"Konrad Hanak"},{"@type":"BreadcrumbList","@id":"https:\/\/www.dunovska.cz\/en\/our-team\/mgr-konrad-hanak\/#breadcrumb","itemListElement":[{"@type":"ListItem","position":1,"name":"Dom\u016f","item":"https:\/\/www.dunovska.cz\/en\/"},{"@type":"ListItem","position":2,"name":"Our Team","item":"https:\/\/www.dunovska.cz\/en\/our-team\/"},{"@type":"ListItem","position":3,"name":"Konr\u00e1d Han\u00e1k"}]},{"@type":"WebSite","@id":"https:\/\/www.dunovska.cz\/#website","url":"https:\/\/www.dunovska.cz\/","name":"Dunovska","description":"","publisher":{"@id":"https:\/\/www.dunovska.cz\/#organization"},"potentialAction":[{"@type":"SearchAction","target":{"@type":"EntryPoint","urlTemplate":"https:\/\/www.dunovska.cz\/?s={search_term_string}"},"query-input":{"@type":"PropertyValueSpecification","valueRequired":true,"valueName":"search_term_string"}}],"inLanguage":"en-US"},{"@type":"Organization","@id":"https:\/\/www.dunovska.cz\/#organization","name":"Dunovska","url":"https:\/\/www.dunovska.cz\/","logo":{"@type":"ImageObject","inLanguage":"en-US","@id":"https:\/\/www.dunovska.cz\/#\/schema\/logo\/image\/","url":"https:\/\/www.dunovska.cz\/wp-content\/uploads\/2025\/02\/logo_orange1-1.png","contentUrl":"https:\/\/www.dunovska.cz\/wp-content\/uploads\/2025\/02\/logo_orange1-1.png","width":310,"height":90,"caption":"Dunovska"},"image":{"@id":"https:\/\/www.dunovska.cz\/#\/schema\/logo\/image\/"}}]}},"_links":{"self":[{"href":"https:\/\/www.dunovska.cz\/en\/wp-json\/wp\/v2\/pages\/1101","targetHints":{"allow":["GET"]}}],"collection":[{"href":"https:\/\/www.dunovska.cz\/en\/wp-json\/wp\/v2\/pages"}],"about":[{"href":"https:\/\/www.dunovska.cz\/en\/wp-json\/wp\/v2\/types\/page"}],"author":[{"embeddable":true,"href":"https:\/\/www.dunovska.cz\/en\/wp-json\/wp\/v2\/users\/2"}],"replies":[{"embeddable":true,"href":"https:\/\/www.dunovska.cz\/en\/wp-json\/wp\/v2\/comments?post=1101"}],"version-history":[{"count":0,"href":"https:\/\/www.dunovska.cz\/en\/wp-json\/wp\/v2\/pages\/1101\/revisions"}],"up":[{"embeddable":true,"href":"https:\/\/www.dunovska.cz\/en\/wp-json\/wp\/v2\/pages\/1087"}],"wp:featuredmedia":[{"embeddable":true,"href":"https:\/\/www.dunovska.cz\/en\/wp-json\/wp\/v2\/media\/745"}],"wp:attachment":[{"href":"https:\/\/www.dunovska.cz\/en\/wp-json\/wp\/v2\/media?parent=1101"}],"curies":[{"name":"wp","href":"https:\/\/api.w.org\/{rel}","templated":true}]}}