{"id":1123,"date":"2024-11-06T19:48:00","date_gmt":"2024-11-06T18:48:00","guid":{"rendered":"https:\/\/www.dunovska.cz\/specializace\/stavebnictvi-energetika\/"},"modified":"2025-03-14T14:46:26","modified_gmt":"2025-03-14T13:46:26","slug":"construction-energy","status":"publish","type":"page","link":"https:\/\/www.dunovska.cz\/en\/legal-services\/construction-energy\/","title":{"rendered":"Construction &#038; Energy"},"content":{"rendered":"<p>Our services include resolving disputes related to construction contracts and financing, reviewing construction contracts, optimizing legal relationships between contractors and investors, and negotiating with regulatory authorities.<\/p>\n<p>In the energy sector, we provide expertise in renewable energy projects such as solar and wind power plants, as well as complex technological units, including distribution infrastructure and energy supply. We offer consultancy on regulatory issues, licensing, and compliance with environmental regulations. Our work involves projects of key importance to regional energy security and stability.<\/p>\n<p>Our clients, ranging from major banks to development companies, appreciate our ability to deliver legal certainty throughout the project lifecycle. Notable clients in this area include the <strong>Czech National Bone Marrow Donors Registry, o.p.s., SCH-PORT, a.s., L\u00e1zn\u011b Luha\u010dovice, a.s., and Moravia Systems a.s.<\/strong><\/p>\n<p><strong>\u00a0<\/strong><\/p>\n","protected":false},"excerpt":{"rendered":"<p>Our services include resolving disputes related to construction contracts and financing, reviewing construction contracts, optimizing legal relationships between contractors and investors, and negotiating with regulatory authorities. In the energy sector, we provide expertise in renewable energy projects such as solar and wind power plants, as well as complex technological units, including distribution infrastructure and energy [&hellip;]<\/p>\n","protected":false},"author":1,"featured_media":0,"parent":1119,"menu_order":17,"comment_status":"closed","ping_status":"closed","template":"page-specialization.php","meta":{"_acf_changed":false,"footnotes":""},"class_list":["post-1123","page","type-page","status-publish","hentry"],"acf":[],"yoast_head":"<!-- This site is optimized with the Yoast SEO plugin v27.3 - https:\/\/yoast.com\/product\/yoast-seo-wordpress\/ -->\n<title>Construction &amp; Energy - AK Dunovsk\u00e1<\/title>\n<meta name=\"robots\" content=\"index, follow, max-snippet:-1, max-image-preview:large, max-video-preview:-1\" \/>\n<link rel=\"canonical\" href=\"https:\/\/www.dunovska.cz\/en\/legal-services\/construction-energy\/\" \/>\n<meta property=\"og:locale\" content=\"en_US\" \/>\n<meta property=\"og:type\" content=\"article\" \/>\n<meta property=\"og:title\" content=\"Construction &amp; Energy - AK Dunovsk\u00e1\" \/>\n<meta property=\"og:description\" content=\"Our services include resolving disputes related to construction contracts and financing, reviewing construction contracts, optimizing legal relationships between contractors and investors, and negotiating with regulatory authorities. In the energy sector, we provide expertise in renewable energy projects such as solar and wind power plants, as well as complex technological units, including distribution infrastructure and energy [&hellip;]\" \/>\n<meta property=\"og:url\" content=\"https:\/\/www.dunovska.cz\/en\/legal-services\/construction-energy\/\" \/>\n<meta property=\"og:site_name\" content=\"AK Dunovsk\u00e1\" \/>\n<meta property=\"article:modified_time\" content=\"2025-03-14T13:46:26+00:00\" \/>\n<meta name=\"twitter:card\" content=\"summary_large_image\" \/>\n<meta name=\"twitter:label1\" content=\"Est. reading time\" \/>\n\t<meta name=\"twitter:data1\" content=\"1 minute\" \/>\n<script type=\"application\/ld+json\" class=\"yoast-schema-graph\">{\"@context\":\"https:\\\/\\\/schema.org\",\"@graph\":[{\"@type\":\"WebPage\",\"@id\":\"https:\\\/\\\/www.dunovska.cz\\\/en\\\/legal-services\\\/construction-energy\\\/\",\"url\":\"https:\\\/\\\/www.dunovska.cz\\\/en\\\/legal-services\\\/construction-energy\\\/\",\"name\":\"Construction & Energy - AK Dunovsk\u00e1\",\"isPartOf\":{\"@id\":\"https:\\\/\\\/www.dunovska.cz\\\/#website\"},\"datePublished\":\"2024-11-06T18:48:00+00:00\",\"dateModified\":\"2025-03-14T13:46:26+00:00\",\"breadcrumb\":{\"@id\":\"https:\\\/\\\/www.dunovska.cz\\\/en\\\/legal-services\\\/construction-energy\\\/#breadcrumb\"},\"inLanguage\":\"en-US\",\"potentialAction\":[{\"@type\":\"ReadAction\",\"target\":[\"https:\\\/\\\/www.dunovska.cz\\\/en\\\/legal-services\\\/construction-energy\\\/\"]}]},{\"@type\":\"BreadcrumbList\",\"@id\":\"https:\\\/\\\/www.dunovska.cz\\\/en\\\/legal-services\\\/construction-energy\\\/#breadcrumb\",\"itemListElement\":[{\"@type\":\"ListItem\",\"position\":1,\"name\":\"Dom\u016f\",\"item\":\"https:\\\/\\\/www.dunovska.cz\\\/en\\\/\"},{\"@type\":\"ListItem\",\"position\":2,\"name\":\"Legal Services\",\"item\":\"https:\\\/\\\/www.dunovska.cz\\\/en\\\/legal-services\\\/\"},{\"@type\":\"ListItem\",\"position\":3,\"name\":\"Construction &#038; Energy\"}]},{\"@type\":\"WebSite\",\"@id\":\"https:\\\/\\\/www.dunovska.cz\\\/#website\",\"url\":\"https:\\\/\\\/www.dunovska.cz\\\/\",\"name\":\"Dunovska\",\"description\":\"\",\"publisher\":{\"@id\":\"https:\\\/\\\/www.dunovska.cz\\\/#organization\"},\"potentialAction\":[{\"@type\":\"SearchAction\",\"target\":{\"@type\":\"EntryPoint\",\"urlTemplate\":\"https:\\\/\\\/www.dunovska.cz\\\/?s={search_term_string}\"},\"query-input\":{\"@type\":\"PropertyValueSpecification\",\"valueRequired\":true,\"valueName\":\"search_term_string\"}}],\"inLanguage\":\"en-US\"},{\"@type\":\"Organization\",\"@id\":\"https:\\\/\\\/www.dunovska.cz\\\/#organization\",\"name\":\"Dunovska\",\"url\":\"https:\\\/\\\/www.dunovska.cz\\\/\",\"logo\":{\"@type\":\"ImageObject\",\"inLanguage\":\"en-US\",\"@id\":\"https:\\\/\\\/www.dunovska.cz\\\/#\\\/schema\\\/logo\\\/image\\\/\",\"url\":\"https:\\\/\\\/www.dunovska.cz\\\/wp-content\\\/uploads\\\/2025\\\/02\\\/logo_orange1-1.png\",\"contentUrl\":\"https:\\\/\\\/www.dunovska.cz\\\/wp-content\\\/uploads\\\/2025\\\/02\\\/logo_orange1-1.png\",\"width\":310,\"height\":90,\"caption\":\"Dunovska\"},\"image\":{\"@id\":\"https:\\\/\\\/www.dunovska.cz\\\/#\\\/schema\\\/logo\\\/image\\\/\"}}]}<\/script>\n<!-- \/ Yoast SEO plugin. -->","yoast_head_json":{"title":"Construction & Energy - AK Dunovsk\u00e1","robots":{"index":"index","follow":"follow","max-snippet":"max-snippet:-1","max-image-preview":"max-image-preview:large","max-video-preview":"max-video-preview:-1"},"canonical":"https:\/\/www.dunovska.cz\/en\/legal-services\/construction-energy\/","og_locale":"en_US","og_type":"article","og_title":"Construction & Energy - AK Dunovsk\u00e1","og_description":"Our services include resolving disputes related to construction contracts and financing, reviewing construction contracts, optimizing legal relationships between contractors and investors, and negotiating with regulatory authorities. In the energy sector, we provide expertise in renewable energy projects such as solar and wind power plants, as well as complex technological units, including distribution infrastructure and energy [&hellip;]","og_url":"https:\/\/www.dunovska.cz\/en\/legal-services\/construction-energy\/","og_site_name":"AK Dunovsk\u00e1","article_modified_time":"2025-03-14T13:46:26+00:00","twitter_card":"summary_large_image","twitter_misc":{"Est. reading time":"1 minute"},"schema":{"@context":"https:\/\/schema.org","@graph":[{"@type":"WebPage","@id":"https:\/\/www.dunovska.cz\/en\/legal-services\/construction-energy\/","url":"https:\/\/www.dunovska.cz\/en\/legal-services\/construction-energy\/","name":"Construction & Energy - AK Dunovsk\u00e1","isPartOf":{"@id":"https:\/\/www.dunovska.cz\/#website"},"datePublished":"2024-11-06T18:48:00+00:00","dateModified":"2025-03-14T13:46:26+00:00","breadcrumb":{"@id":"https:\/\/www.dunovska.cz\/en\/legal-services\/construction-energy\/#breadcrumb"},"inLanguage":"en-US","potentialAction":[{"@type":"ReadAction","target":["https:\/\/www.dunovska.cz\/en\/legal-services\/construction-energy\/"]}]},{"@type":"BreadcrumbList","@id":"https:\/\/www.dunovska.cz\/en\/legal-services\/construction-energy\/#breadcrumb","itemListElement":[{"@type":"ListItem","position":1,"name":"Dom\u016f","item":"https:\/\/www.dunovska.cz\/en\/"},{"@type":"ListItem","position":2,"name":"Legal Services","item":"https:\/\/www.dunovska.cz\/en\/legal-services\/"},{"@type":"ListItem","position":3,"name":"Construction &#038; Energy"}]},{"@type":"WebSite","@id":"https:\/\/www.dunovska.cz\/#website","url":"https:\/\/www.dunovska.cz\/","name":"Dunovska","description":"","publisher":{"@id":"https:\/\/www.dunovska.cz\/#organization"},"potentialAction":[{"@type":"SearchAction","target":{"@type":"EntryPoint","urlTemplate":"https:\/\/www.dunovska.cz\/?s={search_term_string}"},"query-input":{"@type":"PropertyValueSpecification","valueRequired":true,"valueName":"search_term_string"}}],"inLanguage":"en-US"},{"@type":"Organization","@id":"https:\/\/www.dunovska.cz\/#organization","name":"Dunovska","url":"https:\/\/www.dunovska.cz\/","logo":{"@type":"ImageObject","inLanguage":"en-US","@id":"https:\/\/www.dunovska.cz\/#\/schema\/logo\/image\/","url":"https:\/\/www.dunovska.cz\/wp-content\/uploads\/2025\/02\/logo_orange1-1.png","contentUrl":"https:\/\/www.dunovska.cz\/wp-content\/uploads\/2025\/02\/logo_orange1-1.png","width":310,"height":90,"caption":"Dunovska"},"image":{"@id":"https:\/\/www.dunovska.cz\/#\/schema\/logo\/image\/"}}]}},"_links":{"self":[{"href":"https:\/\/www.dunovska.cz\/en\/wp-json\/wp\/v2\/pages\/1123","targetHints":{"allow":["GET"]}}],"collection":[{"href":"https:\/\/www.dunovska.cz\/en\/wp-json\/wp\/v2\/pages"}],"about":[{"href":"https:\/\/www.dunovska.cz\/en\/wp-json\/wp\/v2\/types\/page"}],"author":[{"embeddable":true,"href":"https:\/\/www.dunovska.cz\/en\/wp-json\/wp\/v2\/users\/1"}],"replies":[{"embeddable":true,"href":"https:\/\/www.dunovska.cz\/en\/wp-json\/wp\/v2\/comments?post=1123"}],"version-history":[{"count":0,"href":"https:\/\/www.dunovska.cz\/en\/wp-json\/wp\/v2\/pages\/1123\/revisions"}],"up":[{"embeddable":true,"href":"https:\/\/www.dunovska.cz\/en\/wp-json\/wp\/v2\/pages\/1119"}],"wp:attachment":[{"href":"https:\/\/www.dunovska.cz\/en\/wp-json\/wp\/v2\/media?parent=1123"}],"curies":[{"name":"wp","href":"https:\/\/api.w.org\/{rel}","templated":true}]}}